{"id":309,"date":"2020-01-13T11:17:52","date_gmt":"2020-01-13T11:17:52","guid":{"rendered":"https:\/\/demosites.io\/web-agency-gb\/?page_id=5"},"modified":"2024-02-21T20:49:10","modified_gmt":"2024-02-21T19:49:10","slug":"15c42-web-agency-gb-home","status":"publish","type":"page","link":"https:\/\/www.oximae.net\/","title":{"rendered":"Home"},"content":{"rendered":"\n<div class=\"wp-block-cover alignfull is-light\" style=\"min-height:700px;aspect-ratio:unset;\"><span aria-hidden=\"true\" class=\"wp-block-cover__background has-background-dim-0 has-background-dim\"><\/span><img loading=\"lazy\" decoding=\"async\" width=\"1366\" height=\"768\" class=\"wp-block-cover__image-background wp-image-109\" alt=\"\" src=\"https:\/\/www.oximae.net\/wp-content\/uploads\/2020\/07\/web-design-studio-01.jpg.jpg\" style=\"object-position:50% 64%\" data-object-fit=\"cover\" data-object-position=\"50% 64%\" srcset=\"https:\/\/www.oximae.net\/wp-content\/uploads\/2020\/07\/web-design-studio-01.jpg.jpg 1366w, https:\/\/www.oximae.net\/wp-content\/uploads\/2020\/07\/web-design-studio-01.jpg-300x169.jpg 300w\" sizes=\"auto, (max-width: 1366px) 100vw, 1366px\" \/><div class=\"wp-block-cover__inner-container is-layout-flow wp-block-cover-is-layout-flow\">\n<div style=\"height:80px\" aria-hidden=\"true\" class=\"wp-block-spacer\"><\/div>\n\n\n\n<h1 class=\"wp-block-heading has-text-align-center has-text-color\" style=\"color:#121212\">Au service des projets digitaux des PME depuis 2011<\/h1>\n\n\n\n<p class=\"has-text-align-center has-text-color\" style=\"color:#121212;font-size:17px\">De l&rsquo;\u00e9coute, du pragmatisme, des r\u00e9sultats !<\/p>\n\n\n\n<div style=\"height:80px\" aria-hidden=\"true\" class=\"wp-block-spacer\"><\/div>\n\n\n\n<div style=\"height:80px\" aria-hidden=\"true\" class=\"wp-block-spacer\"><\/div>\n<\/div><\/div>\n\n\n\n<div style=\"height:80px\" aria-hidden=\"true\" class=\"wp-block-spacer\"><\/div>\n\n\n\n<div class=\"wp-block-columns is-layout-flex wp-container-core-columns-is-layout-9d6595d7 wp-block-columns-is-layout-flex\">\n<div class=\"wp-block-column is-layout-flow wp-block-column-is-layout-flow\"><div class=\"wp-block-image icon-style is-style-rounded\">\n<figure class=\"aligncenter size-large\"><img loading=\"lazy\" decoding=\"async\" width=\"72\" height=\"72\" src=\"https:\/\/www.oximae.net\/wp-content\/uploads\/2020\/01\/neve-webdesign-GB-03.png\" alt=\"\" class=\"wp-image-20\" title=\"\"\/><\/figure>\n<\/div>\n\n\n<div style=\"height:20px\" aria-hidden=\"true\" class=\"wp-block-spacer\"><\/div>\n\n\n\n<h3 class=\"wp-block-heading has-text-align-center has-neve-text-color-color has-text-color\">Proximit\u00e9<\/h3>\n\n\n\n<p class=\"has-text-align-center\">Une m\u00e9thode de travail issue du terrain, au contact des r\u00e9alit\u00e9s des PME<\/p>\n\n\n\n<div style=\"height:20px\" aria-hidden=\"true\" class=\"wp-block-spacer\"><\/div>\n<\/div>\n\n\n\n<div class=\"wp-block-column is-layout-flow wp-block-column-is-layout-flow\"><div class=\"wp-block-image icon-style is-style-rounded\">\n<figure class=\"aligncenter size-large\"><img loading=\"lazy\" decoding=\"async\" width=\"72\" height=\"72\" src=\"https:\/\/www.oximae.net\/wp-content\/uploads\/2020\/01\/neve-webdesign-GB-04.png\" alt=\"\" class=\"wp-image-21\"\/><\/figure>\n<\/div>\n\n\n<div style=\"height:20px\" aria-hidden=\"true\" class=\"wp-block-spacer\"><\/div>\n\n\n\n<h3 class=\"wp-block-heading has-text-align-center has-neve-text-color-color has-text-color\">Ind\u00e9pendance<\/h3>\n\n\n\n<p class=\"has-text-align-center\">L&rsquo;assurance de vous guider vers des solutions uniquement centr\u00e9es sur besoins<\/p>\n\n\n\n<div style=\"height:20px\" aria-hidden=\"true\" class=\"wp-block-spacer\"><\/div>\n<\/div>\n\n\n\n<div class=\"wp-block-column is-layout-flow wp-block-column-is-layout-flow\"><div class=\"wp-block-image icon-style is-style-rounded\">\n<figure class=\"aligncenter size-large\"><img loading=\"lazy\" decoding=\"async\" width=\"72\" height=\"72\" src=\"https:\/\/www.oximae.net\/wp-content\/uploads\/2020\/01\/neve-webdesign-GB-01.png\" alt=\"\" class=\"wp-image-18\"\/><\/figure>\n<\/div>\n\n\n<div style=\"height:20px\" aria-hidden=\"true\" class=\"wp-block-spacer\"><\/div>\n\n\n\n<h3 class=\"wp-block-heading has-text-align-center has-neve-text-color-color has-text-color\">Cr\u00e9dibilit\u00e9<\/h3>\n\n\n\n<p class=\"has-text-align-center\">Des r\u00e9sultats attest\u00e9s par des centres<br>d&rsquo;expertise ind\u00e9pendants<\/p>\n\n\n\n<div style=\"height:20px\" aria-hidden=\"true\" class=\"wp-block-spacer\"><\/div>\n<\/div>\n<\/div>\n\n\n\n<div style=\"height:80px\" aria-hidden=\"true\" class=\"wp-block-spacer\"><\/div>\n\n\n\n<div class=\"wp-block-cover alignfull\" style=\"min-height:600px;aspect-ratio:unset;\"><span aria-hidden=\"true\" class=\"wp-block-cover__background has-nv-text-dark-bg-background-color has-background-dim-100 has-background-dim\"><\/span><div class=\"wp-block-cover__inner-container is-layout-flow wp-block-cover-is-layout-flow\">\n<div class=\"wp-block-group\"><div class=\"wp-block-group__inner-container is-layout-flow wp-block-group-is-layout-flow\">\n<div style=\"height:80px\" aria-hidden=\"true\" class=\"wp-block-spacer\"><\/div>\n\n\n\n<div class=\"wp-block-columns are-vertically-aligned-center is-layout-flex wp-container-core-columns-is-layout-9d6595d7 wp-block-columns-is-layout-flex\">\n<div class=\"wp-block-column is-vertically-aligned-center is-layout-flow wp-block-column-is-layout-flow\" style=\"flex-basis:50%\">\n<figure class=\"wp-block-image size-full\"><img loading=\"lazy\" decoding=\"async\" width=\"1024\" height=\"1024\" src=\"https:\/\/www.oximae.net\/wp-content\/uploads\/2024\/02\/511339_a-sketch-representing-an-application-layout-_xl-1024-v1-0.png\" alt=\"Assistance \u00e0 ma\u00eetrise d'ouvrage de projets num\u00e9riques ou digitaux\" class=\"wp-image-453\" srcset=\"https:\/\/www.oximae.net\/wp-content\/uploads\/2024\/02\/511339_a-sketch-representing-an-application-layout-_xl-1024-v1-0.png 1024w, https:\/\/www.oximae.net\/wp-content\/uploads\/2024\/02\/511339_a-sketch-representing-an-application-layout-_xl-1024-v1-0-300x300.png 300w, https:\/\/www.oximae.net\/wp-content\/uploads\/2024\/02\/511339_a-sketch-representing-an-application-layout-_xl-1024-v1-0-150x150.png 150w, https:\/\/www.oximae.net\/wp-content\/uploads\/2024\/02\/511339_a-sketch-representing-an-application-layout-_xl-1024-v1-0-768x768.png 768w\" sizes=\"auto, (max-width: 1024px) 100vw, 1024px\" \/><\/figure>\n<\/div>\n\n\n\n<div class=\"wp-block-column is-vertically-aligned-center is-layout-flow wp-block-column-is-layout-flow\" style=\"flex-basis:70%\">\n<div style=\"height:20px\" aria-hidden=\"true\" class=\"wp-block-spacer\"><\/div>\n\n\n\n<h2 class=\"wp-block-heading has-text-align-left has-neve-text-color-color has-text-color\">Assistance \u00e0 ma\u00eetrise d&rsquo;ouvrage de projets digitaux<\/h2>\n\n\n\n<p class=\"has-text-align-left has-neve-text-color-color has-text-color\" style=\"font-size:17px\">Accompagner vos projets num\u00e9riques structurants pour vous mener \u00e0 la r\u00e9ussite.<\/p>\n\n\n\n<div class=\"wp-block-buttons is-horizontal is-content-justification-left is-layout-flex wp-container-core-buttons-is-layout-7e5fce0a wp-block-buttons-is-layout-flex\">\n<div class=\"wp-block-button is-style-primary\"><a class=\"wp-block-button__link has-nv-light-bg-color has-text-color has-link-color wp-element-button\" href=\"https:\/\/www.oximae.net\/index.php\/category\/amoa\/\">Pourquoi ?<\/a><\/div>\n<\/div>\n<\/div>\n<\/div>\n\n\n\n<div style=\"height:40px\" aria-hidden=\"true\" class=\"wp-block-spacer\"><\/div>\n<\/div><\/div>\n<\/div><\/div>\n\n\n\n<div class=\"wp-block-cover alignfull\" style=\"min-height:600px;aspect-ratio:unset;\"><span aria-hidden=\"true\" class=\"wp-block-cover__background has-nv-site-bg-background-color has-background-dim-100 has-background-dim\"><\/span><div class=\"wp-block-cover__inner-container is-layout-flow wp-block-cover-is-layout-flow\">\n<div class=\"wp-block-group\"><div class=\"wp-block-group__inner-container is-layout-flow wp-block-group-is-layout-flow\">\n<div style=\"height:80px\" aria-hidden=\"true\" class=\"wp-block-spacer\"><\/div>\n\n\n\n<div class=\"wp-block-columns are-vertically-aligned-center is-layout-flex wp-container-core-columns-is-layout-9d6595d7 wp-block-columns-is-layout-flex\">\n<div class=\"wp-block-column is-vertically-aligned-center is-layout-flow wp-block-column-is-layout-flow\" style=\"flex-basis:70%\">\n<h2 class=\"wp-block-heading has-text-align-left has-neve-text-color-color has-text-color\">ERP et CRM<\/h2>\n\n\n\n<p class=\"has-text-align-left has-neve-text-color-color has-text-color\" style=\"font-size:17px\">BtoB, BtoC, BtoBtoC ? Pour un premier outil ou une migration.<\/p>\n\n\n\n<div class=\"wp-block-buttons is-horizontal is-content-justification-left is-layout-flex wp-container-core-buttons-is-layout-7e5fce0a wp-block-buttons-is-layout-flex\">\n<div class=\"wp-block-button is-style-primary\"><a class=\"wp-block-button__link has-nv-light-bg-color has-text-color has-link-color wp-element-button\" href=\"https:\/\/www.oximae.net\/index.php\/category\/erp-crm\/\">Comment ?<\/a><\/div>\n<\/div>\n\n\n\n<div style=\"height:40px\" aria-hidden=\"true\" class=\"wp-block-spacer\"><\/div>\n<\/div>\n\n\n\n<div class=\"wp-block-column is-vertically-aligned-center is-layout-flow wp-block-column-is-layout-flow\" style=\"flex-basis:50%\">\n<figure class=\"wp-block-image size-full\"><img loading=\"lazy\" decoding=\"async\" width=\"1024\" height=\"1024\" src=\"https:\/\/www.oximae.net\/wp-content\/uploads\/2024\/02\/905164_a-computer-screen-displaying-set-of-dashboards-sc_xl-1024-v1-0.png\" alt=\"AMOA de projets ERP et CRM\" class=\"wp-image-414\" srcset=\"https:\/\/www.oximae.net\/wp-content\/uploads\/2024\/02\/905164_a-computer-screen-displaying-set-of-dashboards-sc_xl-1024-v1-0.png 1024w, https:\/\/www.oximae.net\/wp-content\/uploads\/2024\/02\/905164_a-computer-screen-displaying-set-of-dashboards-sc_xl-1024-v1-0-300x300.png 300w, https:\/\/www.oximae.net\/wp-content\/uploads\/2024\/02\/905164_a-computer-screen-displaying-set-of-dashboards-sc_xl-1024-v1-0-150x150.png 150w, https:\/\/www.oximae.net\/wp-content\/uploads\/2024\/02\/905164_a-computer-screen-displaying-set-of-dashboards-sc_xl-1024-v1-0-768x768.png 768w\" sizes=\"auto, (max-width: 1024px) 100vw, 1024px\" \/><\/figure>\n<\/div>\n<\/div>\n\n\n\n<div style=\"height:40px\" aria-hidden=\"true\" class=\"wp-block-spacer\"><\/div>\n<\/div><\/div>\n<\/div><\/div>\n\n\n\n<div class=\"wp-block-cover alignfull\" style=\"min-height:600px;aspect-ratio:unset;\"><span aria-hidden=\"true\" class=\"wp-block-cover__background has-nv-dark-bg-background-color has-background-dim-100 has-background-dim\"><\/span><div class=\"wp-block-cover__inner-container is-layout-flow wp-block-cover-is-layout-flow\">\n<div class=\"wp-block-group\"><div class=\"wp-block-group__inner-container is-layout-flow wp-block-group-is-layout-flow\">\n<div style=\"height:80px\" aria-hidden=\"true\" class=\"wp-block-spacer\"><\/div>\n\n\n\n<div class=\"wp-block-columns are-vertically-aligned-center is-layout-flex wp-container-core-columns-is-layout-9d6595d7 wp-block-columns-is-layout-flex\">\n<div class=\"wp-block-column is-vertically-aligned-center is-layout-flow wp-block-column-is-layout-flow\" style=\"flex-basis:50%\">\n<figure class=\"wp-block-image size-full\"><img loading=\"lazy\" decoding=\"async\" width=\"1024\" height=\"1024\" src=\"https:\/\/www.oximae.net\/wp-content\/uploads\/2024\/02\/410720_three-people-watching-a-report-on-a-wall-screen-_xl-1024-v1-0.png\" alt=\"LMS Learning Management system\" class=\"wp-image-454\" srcset=\"https:\/\/www.oximae.net\/wp-content\/uploads\/2024\/02\/410720_three-people-watching-a-report-on-a-wall-screen-_xl-1024-v1-0.png 1024w, https:\/\/www.oximae.net\/wp-content\/uploads\/2024\/02\/410720_three-people-watching-a-report-on-a-wall-screen-_xl-1024-v1-0-300x300.png 300w, https:\/\/www.oximae.net\/wp-content\/uploads\/2024\/02\/410720_three-people-watching-a-report-on-a-wall-screen-_xl-1024-v1-0-150x150.png 150w, https:\/\/www.oximae.net\/wp-content\/uploads\/2024\/02\/410720_three-people-watching-a-report-on-a-wall-screen-_xl-1024-v1-0-768x768.png 768w\" sizes=\"auto, (max-width: 1024px) 100vw, 1024px\" \/><\/figure>\n<\/div>\n\n\n\n<div class=\"wp-block-column is-vertically-aligned-center is-layout-flow wp-block-column-is-layout-flow\" style=\"flex-basis:50%\">\n<div style=\"height:40px\" aria-hidden=\"true\" class=\"wp-block-spacer\"><\/div>\n\n\n\n<h2 class=\"wp-block-heading has-text-align-left has-nv-text-dark-bg-color has-text-color\">LMS et Formation<\/h2>\n\n\n\n<p class=\"has-text-align-left has-nv-text-dark-bg-color has-text-color\" style=\"font-size:17px\">Proposer \u00e0 vos collaborateurs ou vos clients une plateforme et des contenus de formation dynamiques et efficients<\/p>\n\n\n\n<div class=\"wp-block-buttons is-horizontal is-content-justification-left is-layout-flex wp-container-core-buttons-is-layout-7e5fce0a wp-block-buttons-is-layout-flex\">\n<div class=\"wp-block-button is-style-primary\"><a class=\"wp-block-button__link has-nv-light-bg-color has-text-color has-link-color wp-element-button\" href=\"https:\/\/www.oximae.net\/index.php\/category\/lms-formation\/\">Pourquoi ?<\/a><\/div>\n<\/div>\n<\/div>\n<\/div>\n\n\n\n<div style=\"height:50px\" aria-hidden=\"true\" class=\"wp-block-spacer\"><\/div>\n<\/div><\/div>\n<\/div><\/div>\n\n\n\n<div class=\"wp-block-cover alignfull\" style=\"min-height:300px;aspect-ratio:unset;\"><span aria-hidden=\"true\" class=\"wp-block-cover__background has-nv-dark-bg-background-color has-background-dim-60 has-background-dim\"><\/span><div class=\"wp-block-cover__inner-container is-layout-flow wp-block-cover-is-layout-flow\">\n<div style=\"height:140px\" aria-hidden=\"true\" class=\"wp-block-spacer\"><\/div>\n\n\n\n<h2 class=\"wp-block-heading has-text-align-center has-nv-text-dark-bg-color has-text-color\">Le premier pas ne co\u00fbte rien !<\/h2>\n\n\n\n<p class=\"has-text-align-center\">Discutons ensemble de votre projet et d\u00e9couvrez comment optimiser les r\u00e9sultats<\/p>\n\n\n\n<div class=\"wp-block-buttons is-horizontal is-content-justification-center is-layout-flex wp-container-core-buttons-is-layout-499968f5 wp-block-buttons-is-layout-flex\">\n<div class=\"wp-block-button is-style-primary\"><a class=\"wp-block-button__link has-nv-light-bg-color has-text-color has-link-color wp-element-button\" href=\"https:\/\/www.linkedin.com\/in\/edumoulin\/\" target=\"_blank\" rel=\"noreferrer noopener\">D\u00e8s demain ?<\/a><\/div>\n<\/div>\n\n\n\n<div style=\"height:140px\" aria-hidden=\"true\" class=\"wp-block-spacer\"><\/div>\n<\/div><\/div>\n","protected":false},"excerpt":{"rendered":"<p>Proximit\u00e9 Une m\u00e9thode de travail issue du terrain, au contact des r\u00e9alit\u00e9s des PME Ind\u00e9pendance L&rsquo;assurance de vous guider vers des solutions uniquement centr\u00e9es sur besoins Cr\u00e9dibilit\u00e9 Des r\u00e9sultats attest\u00e9s par des centresd&rsquo;expertise ind\u00e9pendants<\/p>\n","protected":false},"author":1,"featured_media":0,"parent":0,"menu_order":0,"comment_status":"closed","ping_status":"closed","template":"","meta":{"neve_meta_sidebar":"default","neve_meta_container":"default","neve_meta_enable_content_width":"on","neve_meta_content_width":100,"neve_meta_title_alignment":"","neve_meta_author_avatar":"","neve_post_elements_order":"","neve_meta_disable_header":"","neve_meta_disable_footer":"","neve_meta_disable_title":"on","_themeisle_gutenberg_block_has_review":false,"footnotes":""},"class_list":["post-309","page","type-page","status-publish","hentry"],"yoast_head":"<!-- This site is optimized with the Yoast SEO plugin v22.1 - https:\/\/yoast.com\/wordpress\/plugins\/seo\/ -->\n<title>Oximae.net, accompagnement de projets digitaux pour les PME<\/title>\n<meta name=\"description\" content=\"Une m\u00e9thode adapt\u00e9e pour atteindre la r\u00e9ussite de vos projets digitaux : ERP, CRM, assistance \u00e0 ma\u00eetrise d&#039;ouvrage AMOA), formation et LMS\" \/>\n<meta name=\"robots\" content=\"index, follow, max-snippet:-1, max-image-preview:large, max-video-preview:-1\" \/>\n<link rel=\"canonical\" href=\"https:\/\/www.oximae.net\/\" \/>\n<meta property=\"og:locale\" content=\"fr_FR\" \/>\n<meta property=\"og:type\" content=\"article\" \/>\n<meta property=\"og:title\" content=\"Oximae.net, accompagnement de projets digitaux pour les PME\" \/>\n<meta property=\"og:description\" content=\"Une m\u00e9thode adapt\u00e9e pour atteindre la r\u00e9ussite de vos projets digitaux : ERP, CRM, assistance \u00e0 ma\u00eetrise d&#039;ouvrage AMOA), formation et LMS\" \/>\n<meta property=\"og:url\" content=\"https:\/\/www.oximae.net\/\" \/>\n<meta property=\"og:site_name\" content=\"oximae.net\" \/>\n<meta property=\"article:modified_time\" content=\"2024-02-21T19:49:10+00:00\" \/>\n<meta property=\"og:image\" content=\"https:\/\/www.oximae.net\/wp-content\/uploads\/2020\/07\/web-design-studio-01.jpg.jpg\" \/>\n<meta name=\"twitter:card\" content=\"summary_large_image\" \/>\n<meta name=\"twitter:label1\" content=\"Dur\u00e9e de lecture estim\u00e9e\" \/>\n\t<meta name=\"twitter:data1\" content=\"3 minutes\" \/>\n<script type=\"application\/ld+json\" class=\"yoast-schema-graph\">{\"@context\":\"https:\/\/schema.org\",\"@graph\":[{\"@type\":\"WebPage\",\"@id\":\"https:\/\/www.oximae.net\/\",\"url\":\"https:\/\/www.oximae.net\/\",\"name\":\"Oximae.net, accompagnement de projets digitaux pour les PME\",\"isPartOf\":{\"@id\":\"https:\/\/www.oximae.net\/#website\"},\"datePublished\":\"2020-01-13T11:17:52+00:00\",\"dateModified\":\"2024-02-21T19:49:10+00:00\",\"description\":\"Une m\u00e9thode adapt\u00e9e pour atteindre la r\u00e9ussite de vos projets digitaux : ERP, CRM, assistance \u00e0 ma\u00eetrise d'ouvrage AMOA), formation et LMS\",\"breadcrumb\":{\"@id\":\"https:\/\/www.oximae.net\/#breadcrumb\"},\"inLanguage\":\"fr-FR\",\"potentialAction\":[{\"@type\":\"ReadAction\",\"target\":[\"https:\/\/www.oximae.net\/\"]}]},{\"@type\":\"BreadcrumbList\",\"@id\":\"https:\/\/www.oximae.net\/#breadcrumb\",\"itemListElement\":[{\"@type\":\"ListItem\",\"position\":1,\"name\":\"Accueil\",\"item\":\"https:\/\/www.oximae.net\/\"},{\"@type\":\"ListItem\",\"position\":2,\"name\":\"Home\"}]},{\"@type\":\"WebSite\",\"@id\":\"https:\/\/www.oximae.net\/#website\",\"url\":\"https:\/\/www.oximae.net\/\",\"name\":\"oximae.net\",\"description\":\"\",\"publisher\":{\"@id\":\"https:\/\/www.oximae.net\/#organization\"},\"potentialAction\":[{\"@type\":\"SearchAction\",\"target\":{\"@type\":\"EntryPoint\",\"urlTemplate\":\"https:\/\/www.oximae.net\/?s={search_term_string}\"},\"query-input\":\"required name=search_term_string\"}],\"inLanguage\":\"fr-FR\"},{\"@type\":\"Organization\",\"@id\":\"https:\/\/www.oximae.net\/#organization\",\"name\":\"oximae.net\",\"url\":\"https:\/\/www.oximae.net\/\",\"logo\":{\"@type\":\"ImageObject\",\"inLanguage\":\"fr-FR\",\"@id\":\"https:\/\/www.oximae.net\/#\/schema\/logo\/image\/\",\"url\":\"https:\/\/www.oximae.net\/wp-content\/uploads\/2024\/02\/cropped-logo_oximae_2014_transp.png\",\"contentUrl\":\"https:\/\/www.oximae.net\/wp-content\/uploads\/2024\/02\/cropped-logo_oximae_2014_transp.png\",\"width\":200,\"height\":162,\"caption\":\"oximae.net\"},\"image\":{\"@id\":\"https:\/\/www.oximae.net\/#\/schema\/logo\/image\/\"},\"sameAs\":[\"https:\/\/www.linkedin.com\/in\/edumoulin\/\"]}]}<\/script>\n<!-- \/ Yoast SEO plugin. -->","yoast_head_json":{"title":"Oximae.net, accompagnement de projets digitaux pour les PME","description":"Une m\u00e9thode adapt\u00e9e pour atteindre la r\u00e9ussite de vos projets digitaux : ERP, CRM, assistance \u00e0 ma\u00eetrise d'ouvrage AMOA), formation et LMS","robots":{"index":"index","follow":"follow","max-snippet":"max-snippet:-1","max-image-preview":"max-image-preview:large","max-video-preview":"max-video-preview:-1"},"canonical":"https:\/\/www.oximae.net\/","og_locale":"fr_FR","og_type":"article","og_title":"Oximae.net, accompagnement de projets digitaux pour les PME","og_description":"Une m\u00e9thode adapt\u00e9e pour atteindre la r\u00e9ussite de vos projets digitaux : ERP, CRM, assistance \u00e0 ma\u00eetrise d'ouvrage AMOA), formation et LMS","og_url":"https:\/\/www.oximae.net\/","og_site_name":"oximae.net","article_modified_time":"2024-02-21T19:49:10+00:00","og_image":[{"url":"https:\/\/www.oximae.net\/wp-content\/uploads\/2020\/07\/web-design-studio-01.jpg.jpg"}],"twitter_card":"summary_large_image","twitter_misc":{"Dur\u00e9e de lecture estim\u00e9e":"3 minutes"},"schema":{"@context":"https:\/\/schema.org","@graph":[{"@type":"WebPage","@id":"https:\/\/www.oximae.net\/","url":"https:\/\/www.oximae.net\/","name":"Oximae.net, accompagnement de projets digitaux pour les PME","isPartOf":{"@id":"https:\/\/www.oximae.net\/#website"},"datePublished":"2020-01-13T11:17:52+00:00","dateModified":"2024-02-21T19:49:10+00:00","description":"Une m\u00e9thode adapt\u00e9e pour atteindre la r\u00e9ussite de vos projets digitaux : ERP, CRM, assistance \u00e0 ma\u00eetrise d'ouvrage AMOA), formation et LMS","breadcrumb":{"@id":"https:\/\/www.oximae.net\/#breadcrumb"},"inLanguage":"fr-FR","potentialAction":[{"@type":"ReadAction","target":["https:\/\/www.oximae.net\/"]}]},{"@type":"BreadcrumbList","@id":"https:\/\/www.oximae.net\/#breadcrumb","itemListElement":[{"@type":"ListItem","position":1,"name":"Accueil","item":"https:\/\/www.oximae.net\/"},{"@type":"ListItem","position":2,"name":"Home"}]},{"@type":"WebSite","@id":"https:\/\/www.oximae.net\/#website","url":"https:\/\/www.oximae.net\/","name":"oximae.net","description":"","publisher":{"@id":"https:\/\/www.oximae.net\/#organization"},"potentialAction":[{"@type":"SearchAction","target":{"@type":"EntryPoint","urlTemplate":"https:\/\/www.oximae.net\/?s={search_term_string}"},"query-input":"required name=search_term_string"}],"inLanguage":"fr-FR"},{"@type":"Organization","@id":"https:\/\/www.oximae.net\/#organization","name":"oximae.net","url":"https:\/\/www.oximae.net\/","logo":{"@type":"ImageObject","inLanguage":"fr-FR","@id":"https:\/\/www.oximae.net\/#\/schema\/logo\/image\/","url":"https:\/\/www.oximae.net\/wp-content\/uploads\/2024\/02\/cropped-logo_oximae_2014_transp.png","contentUrl":"https:\/\/www.oximae.net\/wp-content\/uploads\/2024\/02\/cropped-logo_oximae_2014_transp.png","width":200,"height":162,"caption":"oximae.net"},"image":{"@id":"https:\/\/www.oximae.net\/#\/schema\/logo\/image\/"},"sameAs":["https:\/\/www.linkedin.com\/in\/edumoulin\/"]}]}},"_links":{"self":[{"href":"https:\/\/www.oximae.net\/index.php\/wp-json\/wp\/v2\/pages\/309","targetHints":{"allow":["GET"]}}],"collection":[{"href":"https:\/\/www.oximae.net\/index.php\/wp-json\/wp\/v2\/pages"}],"about":[{"href":"https:\/\/www.oximae.net\/index.php\/wp-json\/wp\/v2\/types\/page"}],"author":[{"embeddable":true,"href":"https:\/\/www.oximae.net\/index.php\/wp-json\/wp\/v2\/users\/1"}],"replies":[{"embeddable":true,"href":"https:\/\/www.oximae.net\/index.php\/wp-json\/wp\/v2\/comments?post=309"}],"version-history":[{"count":8,"href":"https:\/\/www.oximae.net\/index.php\/wp-json\/wp\/v2\/pages\/309\/revisions"}],"predecessor-version":[{"id":500,"href":"https:\/\/www.oximae.net\/index.php\/wp-json\/wp\/v2\/pages\/309\/revisions\/500"}],"wp:attachment":[{"href":"https:\/\/www.oximae.net\/index.php\/wp-json\/wp\/v2\/media?parent=309"}],"curies":[{"name":"wp","href":"https:\/\/api.w.org\/{rel}","templated":true}]}}